{"id":86,"date":"2021-04-05T11:43:19","date_gmt":"2021-04-05T09:43:19","guid":{"rendered":"http:\/\/dgit-systems.net\/?page_id=86"},"modified":"2021-05-13T17:50:43","modified_gmt":"2021-05-13T15:50:43","slug":"sign4vp","status":"publish","type":"page","link":"https:\/\/dgit-systems.net\/index.php\/sign4vp\/","title":{"rendered":"Sign4VP"},"content":{"rendered":"\n<p>Une solution cl\u00e9 en main int\u00e9gr\u00e9e \u00e0 VisualPlanning pour la signature de vos bons de prestations au comptoir de vente.<\/p>\n\n\n\n<p>La tablette affiche les d\u00e9tails de la prestation encod\u00e9e dans VisuaPlanning. Le client confirme ensuite son accord avec une signature manuscrite, enregistr\u00e9e de fa\u00e7on s\u00e9curis\u00e9e dans VisualPlanning.  Le planning peut ensuite \u00e9diter un rapport de prestation imprim\u00e9 ou envoyer par e-mail.<\/p>\n\n\n\n<p>Tablette et stylet peuvent \u00eatre d\u00e9sinfect\u00e9 facilement.<\/p>\n\n\n\n<p><\/p>\n\n\n\n<div class=\"wp-block-columns\">\n<div class=\"wp-block-column\">\n<figure class=\"wp-block-image size-large is-resized is-style-default\"><img loading=\"lazy\" src=\"http:\/\/dgit-systems.net\/wp-content\/uploads\/2021\/05\/sign4VP-1-2.png\" alt=\"\" class=\"wp-image-123\" width=\"226\" height=\"226\" srcset=\"https:\/\/dgit-systems.net\/wp-content\/uploads\/2021\/05\/sign4VP-1-2.png 1000w, https:\/\/dgit-systems.net\/wp-content\/uploads\/2021\/05\/sign4VP-1-2-300x300.png 300w, https:\/\/dgit-systems.net\/wp-content\/uploads\/2021\/05\/sign4VP-1-2-150x150.png 150w, https:\/\/dgit-systems.net\/wp-content\/uploads\/2021\/05\/sign4VP-1-2-768x768.png 768w\" sizes=\"(max-width: 226px) 100vw, 226px\" \/><\/figure>\n<\/div>\n\n\n\n<div class=\"wp-block-column\">\n<figure class=\"wp-block-image size-large is-resized is-style-default\"><img loading=\"lazy\" src=\"http:\/\/dgit-systems.net\/wp-content\/uploads\/2021\/05\/sign4VP-2-1.png\" alt=\"\" class=\"wp-image-124\" width=\"196\" height=\"196\" srcset=\"https:\/\/dgit-systems.net\/wp-content\/uploads\/2021\/05\/sign4VP-2-1.png 415w, https:\/\/dgit-systems.net\/wp-content\/uploads\/2021\/05\/sign4VP-2-1-300x300.png 300w, https:\/\/dgit-systems.net\/wp-content\/uploads\/2021\/05\/sign4VP-2-1-150x150.png 150w\" sizes=\"(max-width: 196px) 100vw, 196px\" \/><\/figure>\n<\/div>\n\n\n\n<div class=\"wp-block-column\"><\/div>\n<\/div>\n\n\n\n<p><\/p>\n","protected":false},"excerpt":{"rendered":"<p>Une solution cl\u00e9 en main int\u00e9gr\u00e9e \u00e0 VisualPlanning pour la signature de vos bons de prestations au comptoir de vente. La tablette affiche les d\u00e9tails de la prestation encod\u00e9e dans VisuaPlanning. Le client confirme ensuite son accord avec une signature manuscrite, enregistr\u00e9e de fa\u00e7on s\u00e9curis\u00e9e dans VisualPlanning. Le planning peut ensuite \u00e9diter un rapport de &hellip; <\/p>\n","protected":false},"author":1,"featured_media":0,"parent":0,"menu_order":0,"comment_status":"closed","ping_status":"closed","template":"","meta":[],"yoast_head":"<!-- This site is optimized with the Yoast SEO plugin v18.4.1 - https:\/\/yoast.com\/wordpress\/plugins\/seo\/ -->\n<title>Sign4VP - DGIT Systems<\/title>\n<meta name=\"robots\" content=\"index, follow, max-snippet:-1, max-image-preview:large, max-video-preview:-1\" \/>\n<link rel=\"canonical\" href=\"https:\/\/dgit-systems.net\/index.php\/sign4vp\/\" \/>\n<meta property=\"og:locale\" content=\"en_US\" \/>\n<meta property=\"og:type\" content=\"article\" \/>\n<meta property=\"og:title\" content=\"Sign4VP - DGIT Systems\" \/>\n<meta property=\"og:description\" content=\"Une solution cl\u00e9 en main int\u00e9gr\u00e9e \u00e0 VisualPlanning pour la signature de vos bons de prestations au comptoir de vente. La tablette affiche les d\u00e9tails de la prestation encod\u00e9e dans VisuaPlanning. Le client confirme ensuite son accord avec une signature manuscrite, enregistr\u00e9e de fa\u00e7on s\u00e9curis\u00e9e dans VisualPlanning. Le planning peut ensuite \u00e9diter un rapport de &hellip;\" \/>\n<meta property=\"og:url\" content=\"https:\/\/dgit-systems.net\/index.php\/sign4vp\/\" \/>\n<meta property=\"og:site_name\" content=\"DGIT Systems\" \/>\n<meta property=\"article:modified_time\" content=\"2021-05-13T15:50:43+00:00\" \/>\n<meta property=\"og:image\" content=\"http:\/\/dgit-systems.net\/wp-content\/uploads\/2021\/05\/sign4VP-1-2.png\" \/>\n<meta name=\"twitter:card\" content=\"summary_large_image\" \/>\n<script type=\"application\/ld+json\" class=\"yoast-schema-graph\">{\"@context\":\"https:\/\/schema.org\",\"@graph\":[{\"@type\":\"Organization\",\"@id\":\"https:\/\/dgit-systems.net\/#organization\",\"name\":\"DGIT Systems\",\"url\":\"https:\/\/dgit-systems.net\/\",\"sameAs\":[],\"logo\":{\"@type\":\"ImageObject\",\"@id\":\"https:\/\/dgit-systems.net\/#logo\",\"inLanguage\":\"en-US\",\"url\":\"http:\/\/dgit-systems.net\/wp-content\/uploads\/2021\/04\/LogoDGIT_small.png\",\"contentUrl\":\"http:\/\/dgit-systems.net\/wp-content\/uploads\/2021\/04\/LogoDGIT_small.png\",\"width\":100,\"height\":90,\"caption\":\"DGIT Systems\"},\"image\":{\"@id\":\"https:\/\/dgit-systems.net\/#logo\"}},{\"@type\":\"WebSite\",\"@id\":\"https:\/\/dgit-systems.net\/#website\",\"url\":\"https:\/\/dgit-systems.net\/\",\"name\":\"DGIT Systems\",\"description\":\"\",\"publisher\":{\"@id\":\"https:\/\/dgit-systems.net\/#organization\"},\"potentialAction\":[{\"@type\":\"SearchAction\",\"target\":{\"@type\":\"EntryPoint\",\"urlTemplate\":\"https:\/\/dgit-systems.net\/?s={search_term_string}\"},\"query-input\":\"required name=search_term_string\"}],\"inLanguage\":\"en-US\"},{\"@type\":\"ImageObject\",\"@id\":\"https:\/\/dgit-systems.net\/index.php\/sign4vp\/#primaryimage\",\"inLanguage\":\"en-US\",\"url\":\"https:\/\/dgit-systems.net\/wp-content\/uploads\/2021\/05\/sign4VP-1-2.png\",\"contentUrl\":\"https:\/\/dgit-systems.net\/wp-content\/uploads\/2021\/05\/sign4VP-1-2.png\",\"width\":1000,\"height\":1000},{\"@type\":\"WebPage\",\"@id\":\"https:\/\/dgit-systems.net\/index.php\/sign4vp\/#webpage\",\"url\":\"https:\/\/dgit-systems.net\/index.php\/sign4vp\/\",\"name\":\"Sign4VP - DGIT Systems\",\"isPartOf\":{\"@id\":\"https:\/\/dgit-systems.net\/#website\"},\"primaryImageOfPage\":{\"@id\":\"https:\/\/dgit-systems.net\/index.php\/sign4vp\/#primaryimage\"},\"datePublished\":\"2021-04-05T09:43:19+00:00\",\"dateModified\":\"2021-05-13T15:50:43+00:00\",\"breadcrumb\":{\"@id\":\"https:\/\/dgit-systems.net\/index.php\/sign4vp\/#breadcrumb\"},\"inLanguage\":\"en-US\",\"potentialAction\":[{\"@type\":\"ReadAction\",\"target\":[\"https:\/\/dgit-systems.net\/index.php\/sign4vp\/\"]}]},{\"@type\":\"BreadcrumbList\",\"@id\":\"https:\/\/dgit-systems.net\/index.php\/sign4vp\/#breadcrumb\",\"itemListElement\":[{\"@type\":\"ListItem\",\"position\":1,\"name\":\"Accueil\",\"item\":\"https:\/\/dgit-systems.net\/\"},{\"@type\":\"ListItem\",\"position\":2,\"name\":\"Sign4VP\"}]}]}<\/script>\n<!-- \/ Yoast SEO plugin. -->","yoast_head_json":{"title":"Sign4VP - DGIT Systems","robots":{"index":"index","follow":"follow","max-snippet":"max-snippet:-1","max-image-preview":"max-image-preview:large","max-video-preview":"max-video-preview:-1"},"canonical":"https:\/\/dgit-systems.net\/index.php\/sign4vp\/","og_locale":"en_US","og_type":"article","og_title":"Sign4VP - DGIT Systems","og_description":"Une solution cl\u00e9 en main int\u00e9gr\u00e9e \u00e0 VisualPlanning pour la signature de vos bons de prestations au comptoir de vente. La tablette affiche les d\u00e9tails de la prestation encod\u00e9e dans VisuaPlanning. Le client confirme ensuite son accord avec une signature manuscrite, enregistr\u00e9e de fa\u00e7on s\u00e9curis\u00e9e dans VisualPlanning. Le planning peut ensuite \u00e9diter un rapport de &hellip;","og_url":"https:\/\/dgit-systems.net\/index.php\/sign4vp\/","og_site_name":"DGIT Systems","article_modified_time":"2021-05-13T15:50:43+00:00","og_image":[{"url":"http:\/\/dgit-systems.net\/wp-content\/uploads\/2021\/05\/sign4VP-1-2.png"}],"twitter_card":"summary_large_image","schema":{"@context":"https:\/\/schema.org","@graph":[{"@type":"Organization","@id":"https:\/\/dgit-systems.net\/#organization","name":"DGIT Systems","url":"https:\/\/dgit-systems.net\/","sameAs":[],"logo":{"@type":"ImageObject","@id":"https:\/\/dgit-systems.net\/#logo","inLanguage":"en-US","url":"http:\/\/dgit-systems.net\/wp-content\/uploads\/2021\/04\/LogoDGIT_small.png","contentUrl":"http:\/\/dgit-systems.net\/wp-content\/uploads\/2021\/04\/LogoDGIT_small.png","width":100,"height":90,"caption":"DGIT Systems"},"image":{"@id":"https:\/\/dgit-systems.net\/#logo"}},{"@type":"WebSite","@id":"https:\/\/dgit-systems.net\/#website","url":"https:\/\/dgit-systems.net\/","name":"DGIT Systems","description":"","publisher":{"@id":"https:\/\/dgit-systems.net\/#organization"},"potentialAction":[{"@type":"SearchAction","target":{"@type":"EntryPoint","urlTemplate":"https:\/\/dgit-systems.net\/?s={search_term_string}"},"query-input":"required name=search_term_string"}],"inLanguage":"en-US"},{"@type":"ImageObject","@id":"https:\/\/dgit-systems.net\/index.php\/sign4vp\/#primaryimage","inLanguage":"en-US","url":"https:\/\/dgit-systems.net\/wp-content\/uploads\/2021\/05\/sign4VP-1-2.png","contentUrl":"https:\/\/dgit-systems.net\/wp-content\/uploads\/2021\/05\/sign4VP-1-2.png","width":1000,"height":1000},{"@type":"WebPage","@id":"https:\/\/dgit-systems.net\/index.php\/sign4vp\/#webpage","url":"https:\/\/dgit-systems.net\/index.php\/sign4vp\/","name":"Sign4VP - DGIT Systems","isPartOf":{"@id":"https:\/\/dgit-systems.net\/#website"},"primaryImageOfPage":{"@id":"https:\/\/dgit-systems.net\/index.php\/sign4vp\/#primaryimage"},"datePublished":"2021-04-05T09:43:19+00:00","dateModified":"2021-05-13T15:50:43+00:00","breadcrumb":{"@id":"https:\/\/dgit-systems.net\/index.php\/sign4vp\/#breadcrumb"},"inLanguage":"en-US","potentialAction":[{"@type":"ReadAction","target":["https:\/\/dgit-systems.net\/index.php\/sign4vp\/"]}]},{"@type":"BreadcrumbList","@id":"https:\/\/dgit-systems.net\/index.php\/sign4vp\/#breadcrumb","itemListElement":[{"@type":"ListItem","position":1,"name":"Accueil","item":"https:\/\/dgit-systems.net\/"},{"@type":"ListItem","position":2,"name":"Sign4VP"}]}]}},"_links":{"self":[{"href":"https:\/\/dgit-systems.net\/index.php\/wp-json\/wp\/v2\/pages\/86"}],"collection":[{"href":"https:\/\/dgit-systems.net\/index.php\/wp-json\/wp\/v2\/pages"}],"about":[{"href":"https:\/\/dgit-systems.net\/index.php\/wp-json\/wp\/v2\/types\/page"}],"author":[{"embeddable":true,"href":"https:\/\/dgit-systems.net\/index.php\/wp-json\/wp\/v2\/users\/1"}],"replies":[{"embeddable":true,"href":"https:\/\/dgit-systems.net\/index.php\/wp-json\/wp\/v2\/comments?post=86"}],"version-history":[{"count":5,"href":"https:\/\/dgit-systems.net\/index.php\/wp-json\/wp\/v2\/pages\/86\/revisions"}],"predecessor-version":[{"id":137,"href":"https:\/\/dgit-systems.net\/index.php\/wp-json\/wp\/v2\/pages\/86\/revisions\/137"}],"wp:attachment":[{"href":"https:\/\/dgit-systems.net\/index.php\/wp-json\/wp\/v2\/media?parent=86"}],"curies":[{"name":"wp","href":"https:\/\/api.w.org\/{rel}","templated":true}]}}