{"id":88,"date":"2021-04-05T11:43:19","date_gmt":"2021-04-05T09:43:19","guid":{"rendered":"http:\/\/dgit-systems.net\/?page_id=88"},"modified":"2021-05-13T17:50:31","modified_gmt":"2021-05-13T15:50:31","slug":"sign4bc","status":"publish","type":"page","link":"https:\/\/dgit-systems.net\/index.php\/sign4bc\/","title":{"rendered":"Sign4BC"},"content":{"rendered":"\n<p>Une solution cl\u00e9 en main int\u00e9gr\u00e9e \u00e0 votre ERP Navision pour la signature de vos bons de prestations au comptoir de vente ou sur chantier<\/p>\n\n\n\n<p>La tablette comptoirou le smartphone affiche les d\u00e9tails de la prestation encod\u00e9e dans Navision. Le client confirme ensuite son accord avec une signature manuscrite, enregistr\u00e9e de fa\u00e7on s\u00e9curis\u00e9e dans votre ERP.  Un \u00e9dition de rapport de prestation ou de bon de commande imprim\u00e9 ou envoy\u00e9 par e-mail est possible.<\/p>\n\n\n\n<p>Tablette comptoir et stylet peuvent \u00eatre d\u00e9sinfect\u00e9s facilement.<\/p>\n\n\n\n<div class=\"wp-block-columns\">\n<div class=\"wp-block-column\">\n<figure class=\"wp-block-image size-large is-resized is-style-default\"><img loading=\"lazy\" src=\"http:\/\/dgit-systems.net\/wp-content\/uploads\/2021\/05\/sign4VP-2-1.png\" alt=\"\" class=\"wp-image-124\" width=\"185\" height=\"185\" srcset=\"https:\/\/dgit-systems.net\/wp-content\/uploads\/2021\/05\/sign4VP-2-1.png 415w, https:\/\/dgit-systems.net\/wp-content\/uploads\/2021\/05\/sign4VP-2-1-300x300.png 300w, https:\/\/dgit-systems.net\/wp-content\/uploads\/2021\/05\/sign4VP-2-1-150x150.png 150w\" sizes=\"(max-width: 185px) 100vw, 185px\" \/><\/figure>\n<\/div>\n\n\n\n<div class=\"wp-block-column\">\n<figure class=\"wp-block-image size-large is-resized is-style-default\"><img loading=\"lazy\" src=\"http:\/\/dgit-systems.net\/wp-content\/uploads\/2021\/05\/sign4VP-1-2.png\" alt=\"\" class=\"wp-image-123\" width=\"198\" height=\"198\" srcset=\"https:\/\/dgit-systems.net\/wp-content\/uploads\/2021\/05\/sign4VP-1-2.png 1000w, https:\/\/dgit-systems.net\/wp-content\/uploads\/2021\/05\/sign4VP-1-2-300x300.png 300w, https:\/\/dgit-systems.net\/wp-content\/uploads\/2021\/05\/sign4VP-1-2-150x150.png 150w, https:\/\/dgit-systems.net\/wp-content\/uploads\/2021\/05\/sign4VP-1-2-768x768.png 768w\" sizes=\"(max-width: 198px) 100vw, 198px\" \/><\/figure>\n<\/div>\n\n\n\n<div class=\"wp-block-column\">\n<figure class=\"wp-block-image size-large is-style-rounded\"><img loading=\"lazy\" width=\"1024\" height=\"662\" src=\"http:\/\/dgit-systems.net\/wp-content\/uploads\/2021\/05\/BC-1-1024x662.png\" alt=\"\" class=\"wp-image-134\" srcset=\"https:\/\/dgit-systems.net\/wp-content\/uploads\/2021\/05\/BC-1-1024x662.png 1024w, https:\/\/dgit-systems.net\/wp-content\/uploads\/2021\/05\/BC-1-300x194.png 300w, https:\/\/dgit-systems.net\/wp-content\/uploads\/2021\/05\/BC-1-768x497.png 768w, https:\/\/dgit-systems.net\/wp-content\/uploads\/2021\/05\/BC-1-1536x993.png 1536w, https:\/\/dgit-systems.net\/wp-content\/uploads\/2021\/05\/BC-1-2048x1324.png 2048w\" sizes=\"(max-width: 1024px) 100vw, 1024px\" \/><\/figure>\n<\/div>\n\n\n\n<div class=\"wp-block-column\">\n<figure class=\"wp-block-image size-large is-resized is-style-default\"><img loading=\"lazy\" src=\"http:\/\/dgit-systems.net\/wp-content\/uploads\/2021\/05\/BC-2.png\" alt=\"\" class=\"wp-image-135\" width=\"154\" height=\"154\" srcset=\"https:\/\/dgit-systems.net\/wp-content\/uploads\/2021\/05\/BC-2.png 300w, https:\/\/dgit-systems.net\/wp-content\/uploads\/2021\/05\/BC-2-150x150.png 150w\" sizes=\"(max-width: 154px) 100vw, 154px\" \/><\/figure>\n<\/div>\n<\/div>\n","protected":false},"excerpt":{"rendered":"<p>Une solution cl\u00e9 en main int\u00e9gr\u00e9e \u00e0 votre ERP Navision pour la signature de vos bons de prestations au comptoir de vente ou sur chantier La tablette comptoirou le smartphone affiche les d\u00e9tails de la prestation encod\u00e9e dans Navision. Le client confirme ensuite son accord avec une signature manuscrite, enregistr\u00e9e de fa\u00e7on s\u00e9curis\u00e9e dans votre &hellip; <\/p>\n","protected":false},"author":1,"featured_media":0,"parent":0,"menu_order":0,"comment_status":"closed","ping_status":"closed","template":"","meta":[],"yoast_head":"<!-- This site is optimized with the Yoast SEO plugin v18.4.1 - https:\/\/yoast.com\/wordpress\/plugins\/seo\/ -->\n<title>Sign4BC - DGIT Systems<\/title>\n<meta name=\"robots\" content=\"index, follow, max-snippet:-1, max-image-preview:large, max-video-preview:-1\" \/>\n<link rel=\"canonical\" href=\"https:\/\/dgit-systems.net\/index.php\/sign4bc\/\" \/>\n<meta property=\"og:locale\" content=\"en_US\" \/>\n<meta property=\"og:type\" content=\"article\" \/>\n<meta property=\"og:title\" content=\"Sign4BC - DGIT Systems\" \/>\n<meta property=\"og:description\" content=\"Une solution cl\u00e9 en main int\u00e9gr\u00e9e \u00e0 votre ERP Navision pour la signature de vos bons de prestations au comptoir de vente ou sur chantier La tablette comptoirou le smartphone affiche les d\u00e9tails de la prestation encod\u00e9e dans Navision. Le client confirme ensuite son accord avec une signature manuscrite, enregistr\u00e9e de fa\u00e7on s\u00e9curis\u00e9e dans votre &hellip;\" \/>\n<meta property=\"og:url\" content=\"https:\/\/dgit-systems.net\/index.php\/sign4bc\/\" \/>\n<meta property=\"og:site_name\" content=\"DGIT Systems\" \/>\n<meta property=\"article:modified_time\" content=\"2021-05-13T15:50:31+00:00\" \/>\n<meta property=\"og:image\" content=\"http:\/\/dgit-systems.net\/wp-content\/uploads\/2021\/05\/sign4VP-2-1.png\" \/>\n<meta name=\"twitter:card\" content=\"summary_large_image\" \/>\n<script type=\"application\/ld+json\" class=\"yoast-schema-graph\">{\"@context\":\"https:\/\/schema.org\",\"@graph\":[{\"@type\":\"Organization\",\"@id\":\"https:\/\/dgit-systems.net\/#organization\",\"name\":\"DGIT Systems\",\"url\":\"https:\/\/dgit-systems.net\/\",\"sameAs\":[],\"logo\":{\"@type\":\"ImageObject\",\"@id\":\"https:\/\/dgit-systems.net\/#logo\",\"inLanguage\":\"en-US\",\"url\":\"http:\/\/dgit-systems.net\/wp-content\/uploads\/2021\/04\/LogoDGIT_small.png\",\"contentUrl\":\"http:\/\/dgit-systems.net\/wp-content\/uploads\/2021\/04\/LogoDGIT_small.png\",\"width\":100,\"height\":90,\"caption\":\"DGIT Systems\"},\"image\":{\"@id\":\"https:\/\/dgit-systems.net\/#logo\"}},{\"@type\":\"WebSite\",\"@id\":\"https:\/\/dgit-systems.net\/#website\",\"url\":\"https:\/\/dgit-systems.net\/\",\"name\":\"DGIT Systems\",\"description\":\"\",\"publisher\":{\"@id\":\"https:\/\/dgit-systems.net\/#organization\"},\"potentialAction\":[{\"@type\":\"SearchAction\",\"target\":{\"@type\":\"EntryPoint\",\"urlTemplate\":\"https:\/\/dgit-systems.net\/?s={search_term_string}\"},\"query-input\":\"required name=search_term_string\"}],\"inLanguage\":\"en-US\"},{\"@type\":\"ImageObject\",\"@id\":\"https:\/\/dgit-systems.net\/index.php\/sign4bc\/#primaryimage\",\"inLanguage\":\"en-US\",\"url\":\"https:\/\/dgit-systems.net\/wp-content\/uploads\/2021\/05\/sign4VP-2-1.png\",\"contentUrl\":\"https:\/\/dgit-systems.net\/wp-content\/uploads\/2021\/05\/sign4VP-2-1.png\",\"width\":415,\"height\":415},{\"@type\":\"WebPage\",\"@id\":\"https:\/\/dgit-systems.net\/index.php\/sign4bc\/#webpage\",\"url\":\"https:\/\/dgit-systems.net\/index.php\/sign4bc\/\",\"name\":\"Sign4BC - DGIT Systems\",\"isPartOf\":{\"@id\":\"https:\/\/dgit-systems.net\/#website\"},\"primaryImageOfPage\":{\"@id\":\"https:\/\/dgit-systems.net\/index.php\/sign4bc\/#primaryimage\"},\"datePublished\":\"2021-04-05T09:43:19+00:00\",\"dateModified\":\"2021-05-13T15:50:31+00:00\",\"breadcrumb\":{\"@id\":\"https:\/\/dgit-systems.net\/index.php\/sign4bc\/#breadcrumb\"},\"inLanguage\":\"en-US\",\"potentialAction\":[{\"@type\":\"ReadAction\",\"target\":[\"https:\/\/dgit-systems.net\/index.php\/sign4bc\/\"]}]},{\"@type\":\"BreadcrumbList\",\"@id\":\"https:\/\/dgit-systems.net\/index.php\/sign4bc\/#breadcrumb\",\"itemListElement\":[{\"@type\":\"ListItem\",\"position\":1,\"name\":\"Accueil\",\"item\":\"https:\/\/dgit-systems.net\/\"},{\"@type\":\"ListItem\",\"position\":2,\"name\":\"Sign4BC\"}]}]}<\/script>\n<!-- \/ Yoast SEO plugin. -->","yoast_head_json":{"title":"Sign4BC - DGIT Systems","robots":{"index":"index","follow":"follow","max-snippet":"max-snippet:-1","max-image-preview":"max-image-preview:large","max-video-preview":"max-video-preview:-1"},"canonical":"https:\/\/dgit-systems.net\/index.php\/sign4bc\/","og_locale":"en_US","og_type":"article","og_title":"Sign4BC - DGIT Systems","og_description":"Une solution cl\u00e9 en main int\u00e9gr\u00e9e \u00e0 votre ERP Navision pour la signature de vos bons de prestations au comptoir de vente ou sur chantier La tablette comptoirou le smartphone affiche les d\u00e9tails de la prestation encod\u00e9e dans Navision. Le client confirme ensuite son accord avec une signature manuscrite, enregistr\u00e9e de fa\u00e7on s\u00e9curis\u00e9e dans votre &hellip;","og_url":"https:\/\/dgit-systems.net\/index.php\/sign4bc\/","og_site_name":"DGIT Systems","article_modified_time":"2021-05-13T15:50:31+00:00","og_image":[{"url":"http:\/\/dgit-systems.net\/wp-content\/uploads\/2021\/05\/sign4VP-2-1.png"}],"twitter_card":"summary_large_image","schema":{"@context":"https:\/\/schema.org","@graph":[{"@type":"Organization","@id":"https:\/\/dgit-systems.net\/#organization","name":"DGIT Systems","url":"https:\/\/dgit-systems.net\/","sameAs":[],"logo":{"@type":"ImageObject","@id":"https:\/\/dgit-systems.net\/#logo","inLanguage":"en-US","url":"http:\/\/dgit-systems.net\/wp-content\/uploads\/2021\/04\/LogoDGIT_small.png","contentUrl":"http:\/\/dgit-systems.net\/wp-content\/uploads\/2021\/04\/LogoDGIT_small.png","width":100,"height":90,"caption":"DGIT Systems"},"image":{"@id":"https:\/\/dgit-systems.net\/#logo"}},{"@type":"WebSite","@id":"https:\/\/dgit-systems.net\/#website","url":"https:\/\/dgit-systems.net\/","name":"DGIT Systems","description":"","publisher":{"@id":"https:\/\/dgit-systems.net\/#organization"},"potentialAction":[{"@type":"SearchAction","target":{"@type":"EntryPoint","urlTemplate":"https:\/\/dgit-systems.net\/?s={search_term_string}"},"query-input":"required name=search_term_string"}],"inLanguage":"en-US"},{"@type":"ImageObject","@id":"https:\/\/dgit-systems.net\/index.php\/sign4bc\/#primaryimage","inLanguage":"en-US","url":"https:\/\/dgit-systems.net\/wp-content\/uploads\/2021\/05\/sign4VP-2-1.png","contentUrl":"https:\/\/dgit-systems.net\/wp-content\/uploads\/2021\/05\/sign4VP-2-1.png","width":415,"height":415},{"@type":"WebPage","@id":"https:\/\/dgit-systems.net\/index.php\/sign4bc\/#webpage","url":"https:\/\/dgit-systems.net\/index.php\/sign4bc\/","name":"Sign4BC - DGIT Systems","isPartOf":{"@id":"https:\/\/dgit-systems.net\/#website"},"primaryImageOfPage":{"@id":"https:\/\/dgit-systems.net\/index.php\/sign4bc\/#primaryimage"},"datePublished":"2021-04-05T09:43:19+00:00","dateModified":"2021-05-13T15:50:31+00:00","breadcrumb":{"@id":"https:\/\/dgit-systems.net\/index.php\/sign4bc\/#breadcrumb"},"inLanguage":"en-US","potentialAction":[{"@type":"ReadAction","target":["https:\/\/dgit-systems.net\/index.php\/sign4bc\/"]}]},{"@type":"BreadcrumbList","@id":"https:\/\/dgit-systems.net\/index.php\/sign4bc\/#breadcrumb","itemListElement":[{"@type":"ListItem","position":1,"name":"Accueil","item":"https:\/\/dgit-systems.net\/"},{"@type":"ListItem","position":2,"name":"Sign4BC"}]}]}},"_links":{"self":[{"href":"https:\/\/dgit-systems.net\/index.php\/wp-json\/wp\/v2\/pages\/88"}],"collection":[{"href":"https:\/\/dgit-systems.net\/index.php\/wp-json\/wp\/v2\/pages"}],"about":[{"href":"https:\/\/dgit-systems.net\/index.php\/wp-json\/wp\/v2\/types\/page"}],"author":[{"embeddable":true,"href":"https:\/\/dgit-systems.net\/index.php\/wp-json\/wp\/v2\/users\/1"}],"replies":[{"embeddable":true,"href":"https:\/\/dgit-systems.net\/index.php\/wp-json\/wp\/v2\/comments?post=88"}],"version-history":[{"count":2,"href":"https:\/\/dgit-systems.net\/index.php\/wp-json\/wp\/v2\/pages\/88\/revisions"}],"predecessor-version":[{"id":136,"href":"https:\/\/dgit-systems.net\/index.php\/wp-json\/wp\/v2\/pages\/88\/revisions\/136"}],"wp:attachment":[{"href":"https:\/\/dgit-systems.net\/index.php\/wp-json\/wp\/v2\/media?parent=88"}],"curies":[{"name":"wp","href":"https:\/\/api.w.org\/{rel}","templated":true}]}}